{"id":149,"date":"2025-11-01T07:22:03","date_gmt":"2025-11-01T07:22:03","guid":{"rendered":"https:\/\/ruhatv.org\/?page_id=149"},"modified":"2026-04-25T08:55:07","modified_gmt":"2026-04-25T08:55:07","slug":"kunye","status":"publish","type":"page","link":"https:\/\/ruhatv.org\/index.php\/kunye\/","title":{"rendered":"K\u00fcnye"},"content":{"rendered":"\n<h1 class=\"wp-block-heading\">Ruha TV \u2022 K\u00fcnye<\/h1>\n\n\n\n<p><strong>K\u00fcnye ve \u015eirket \u00dcnvan\u0131<\/strong><\/p>\n\n\n\n<p>\u00c7ALI\u015eKAN TELEV\u0130ZYON RADYO YAYINCILI\u011eI A.\u015e.<\/p>\n\n\n\n<p><strong>Yaz\u0131\u015fma Adresi, Telefon ve Elektronik Posta Adres Bilgileri<\/strong><\/p>\n\n\n\n<p>Veysel Karani Mah. 493 Sk. A.\u00c7atalta\u015f Apt. 6A \/2 Haliliye &#8211; \u015eanl\u0131urfa &#8211; T\u00dcRK\u0130YE<\/p>\n\n\n\n<p><strong>St\u00fcdyo Adresi, Telefon Bilgileri<\/strong><\/p>\n\n\n\n<p>Veysel Karani Mah. 493 Sk. A.\u00c7atalta\u015f Apt. 6A \/2 Haliliye &#8211; \u015eanl\u0131urfa &#8211; T\u00dcRK\u0130YE<\/p>\n\n\n\n<p>Telefon Bilgileri: 0850 420 6263<\/p>\n\n\n\n<p><strong>Yay\u0131n Lisans Bilgileri ve Yay\u0131n Ortamlar\u0131<\/strong><\/p>\n\n\n\n<p>\u0130nternet TV<\/p>\n\n\n\n<p><strong>\u00c7a\u011fr\u0131 \u0130\u015fareti \/ Logo<\/strong><\/p>\n\n\n\n<p>RUHA TV<\/p>\n\n\n\n<figure class=\"wp-block-image is-resized\"><img decoding=\"async\" src=\"https:\/\/i.hizliresim.com\/cl7q46m.png\" alt=\"\" style=\"aspect-ratio:2.476540582373996;width:118px;height:auto\"\/><\/figure>\n\n\n\n<p><strong>Sorumlu M\u00fcd\u00fcr<\/strong><\/p>\n\n\n\n<p>Ahin G\u00dcNE\u015e<\/p>\n\n\n\n<p>Tel: 0 850 420 6263<\/p>\n\n\n\n<p><strong>\u0130zleyici Temsilcisi<\/strong><\/p>\n\n\n\n<p>Ahin G\u00dcNE\u015e<\/p>\n\n\n\n<p>Tel: 0 850 420 6263<\/p>\n\n\n\n<p><strong>Kay\u0131tl\u0131 Elektronik Posta Adresi (KEP)<\/strong><\/p>\n\n\n\n<p>caliskantvradyo@hs01.kep.tr<\/p>\n\n\n\n<p><strong>Elektronik Posta Adresi<\/strong><\/p>\n\n\n\n<p>ruhatelevizyonu(ad)gmail.com<\/p>\n\n\n\n<p><\/p>\n","protected":false},"excerpt":{"rendered":"<p>Ruha TV \u2022 K\u00fcnye K\u00fcnye ve \u015eirket \u00dcnvan\u0131 \u00c7ALI\u015eKAN TELEV\u0130ZYON RADYO YAYINCILI\u011eI A.\u015e. Yaz\u0131\u015fma Adresi,&#8230;<\/p>\n","protected":false},"author":1,"featured_media":0,"parent":0,"menu_order":0,"comment_status":"closed","ping_status":"closed","template":"","meta":{"footnotes":""},"class_list":["post-149","page","type-page","status-publish","hentry"],"_links":{"self":[{"href":"https:\/\/ruhatv.org\/index.php\/wp-json\/wp\/v2\/pages\/149","targetHints":{"allow":["GET"]}}],"collection":[{"href":"https:\/\/ruhatv.org\/index.php\/wp-json\/wp\/v2\/pages"}],"about":[{"href":"https:\/\/ruhatv.org\/index.php\/wp-json\/wp\/v2\/types\/page"}],"author":[{"embeddable":true,"href":"https:\/\/ruhatv.org\/index.php\/wp-json\/wp\/v2\/users\/1"}],"replies":[{"embeddable":true,"href":"https:\/\/ruhatv.org\/index.php\/wp-json\/wp\/v2\/comments?post=149"}],"version-history":[{"count":3,"href":"https:\/\/ruhatv.org\/index.php\/wp-json\/wp\/v2\/pages\/149\/revisions"}],"predecessor-version":[{"id":7791,"href":"https:\/\/ruhatv.org\/index.php\/wp-json\/wp\/v2\/pages\/149\/revisions\/7791"}],"wp:attachment":[{"href":"https:\/\/ruhatv.org\/index.php\/wp-json\/wp\/v2\/media?parent=149"}],"curies":[{"name":"wp","href":"https:\/\/api.w.org\/{rel}","templated":true}]}}