{"id":154,"date":"2025-11-01T07:27:02","date_gmt":"2025-11-01T07:27:02","guid":{"rendered":"https:\/\/ruhatv.org\/?page_id=154"},"modified":"2026-04-25T08:53:24","modified_gmt":"2026-04-25T08:53:24","slug":"iletisim","status":"publish","type":"page","link":"https:\/\/ruhatv.org\/index.php\/iletisim\/","title":{"rendered":"\u0130leti\u015fim"},"content":{"rendered":"\n<p class=\"has-medium-font-size\" style=\"margin-top:var(--wp--preset--spacing--20);margin-bottom:var(--wp--preset--spacing--20)\"><strong>K\u00fcnye ve \u015eirket \u00dcnvan\u0131<\/strong><\/p>\n\n\n\n<p>\u00c7ALI\u015eKAN TELEV\u0130ZYON RADYO YAYINCILI\u011eI A.\u015e.<\/p>\n\n\n\n<p><strong>Yaz\u0131\u015fma Adresi, Telefon ve Elektronik Posta Adres Bilgileri<\/strong><\/p>\n\n\n\n<p>Veysel Karani Mah. 493 Sk. A.\u00c7atalta\u015f Apt. 6A \/2 Haliliye &#8211; \u015eanl\u0131urfa &#8211; T\u00dcRK\u0130YE<\/p>\n\n\n\n<p><strong>St\u00fcdyo Adresi, Telefon Bilgileri<\/strong><\/p>\n\n\n\n<p>Veysel Karani Mah. 493 Sk. A.\u00c7atalta\u015f Apt. 6A \/2 Haliliye &#8211; \u015eanl\u0131urfa &#8211; T\u00dcRK\u0130YE<\/p>\n\n\n\n<p>Telefon Bilgileri: 0850 420 6263<\/p>\n\n\n\n<p><strong>Yay\u0131n Lisans Bilgileri ve Yay\u0131n Ortamlar\u0131<\/strong><\/p>\n\n\n\n<p>\u0130nternet TV<\/p>\n\n\n\n<p><strong>\u00c7a\u011fr\u0131 \u0130\u015fareti \/ Logo<\/strong><\/p>\n\n\n\n<p>RUHA TV<\/p>\n\n\n\n<figure class=\"wp-block-image is-resized\"><img decoding=\"async\" src=\"https:\/\/i.hizliresim.com\/cl7q46m.png\" alt=\"\" style=\"aspect-ratio:2.476540582373996;width:148px;height:auto\"\/><\/figure>\n\n\n\n<p><strong>Sorumlu M\u00fcd\u00fcr<\/strong><\/p>\n\n\n\n<p>Ahin G\u00dcNE\u015e<\/p>\n\n\n\n<p>Tel: 0 850 420 6263<\/p>\n\n\n\n<p><strong>\u0130zleyici Temsilcisi<\/strong><\/p>\n\n\n\n<p>Ahin G\u00dcNE\u015e<\/p>\n\n\n\n<p>Tel: 0 850 420 6263<\/p>\n\n\n\n<p><strong>Kay\u0131tl\u0131 Elektronik Posta Adresi (KEP)<\/strong><\/p>\n\n\n\n<p>caliskantvradyo@hs01.kep.tr<\/p>\n\n\n\n<p><strong>Elektronik Posta Adresi<\/strong><\/p>\n\n\n\n<p>ruhatelevizyonu(ad)gmail.com<\/p>\n","protected":false},"excerpt":{"rendered":"<p>K\u00fcnye ve \u015eirket \u00dcnvan\u0131 \u00c7ALI\u015eKAN TELEV\u0130ZYON RADYO YAYINCILI\u011eI A.\u015e. Yaz\u0131\u015fma Adresi, Telefon ve Elektronik Posta&#8230;<\/p>\n","protected":false},"author":1,"featured_media":0,"parent":0,"menu_order":0,"comment_status":"closed","ping_status":"closed","template":"","meta":{"footnotes":""},"class_list":["post-154","page","type-page","status-publish","hentry"],"_links":{"self":[{"href":"https:\/\/ruhatv.org\/index.php\/wp-json\/wp\/v2\/pages\/154","targetHints":{"allow":["GET"]}}],"collection":[{"href":"https:\/\/ruhatv.org\/index.php\/wp-json\/wp\/v2\/pages"}],"about":[{"href":"https:\/\/ruhatv.org\/index.php\/wp-json\/wp\/v2\/types\/page"}],"author":[{"embeddable":true,"href":"https:\/\/ruhatv.org\/index.php\/wp-json\/wp\/v2\/users\/1"}],"replies":[{"embeddable":true,"href":"https:\/\/ruhatv.org\/index.php\/wp-json\/wp\/v2\/comments?post=154"}],"version-history":[{"count":5,"href":"https:\/\/ruhatv.org\/index.php\/wp-json\/wp\/v2\/pages\/154\/revisions"}],"predecessor-version":[{"id":7789,"href":"https:\/\/ruhatv.org\/index.php\/wp-json\/wp\/v2\/pages\/154\/revisions\/7789"}],"wp:attachment":[{"href":"https:\/\/ruhatv.org\/index.php\/wp-json\/wp\/v2\/media?parent=154"}],"curies":[{"name":"wp","href":"https:\/\/api.w.org\/{rel}","templated":true}]}}